{"id":1370,"date":"2018-09-02T13:16:10","date_gmt":"2018-09-02T11:16:10","guid":{"rendered":"http:\/\/www.zaciszekrosno.pl\/?page_id=1370"},"modified":"2022-12-22T23:00:44","modified_gmt":"2022-12-22T22:00:44","slug":"komisja-techniczna","status":"publish","type":"page","link":"http:\/\/www.zaciszekrosno.pl\/?page_id=1370","title":{"rendered":"Komisja Techniczna"},"content":{"rendered":"<h5 style=\"text-align: center;\">Uchwa\u0142\u0105\u00a0 20\/2022 z dnia 3 wrze\u015bnia 2022 r. zosta\u0142a powo\u0142ana nowa Komisja Techniczna jako nie statutowy organ Stowarzyszenia. Komisja Techniczna dzia\u0142a w nast\u0119puj\u0105cym sk\u0142adzie:<\/h5>\n<h5 style=\"text-align: center;\"><strong>Przewodnicz\u0105cy Komisji<\/strong>\u00a0 \u2013 Grzegorz KOBIA\u0141KA<\/h5>\n<h5 style=\"text-align: center;\">Cz\u0142onek &#8211; Piotr KUREK<\/h5>\n<h5 style=\"text-align: center;\">Cz\u0142onek\u00a0 \u2013 Bogus\u0142aw KUPKA<\/h5>\n<h5 style=\"text-align: center;\">Cz\u0142onek &#8211; Tomasz FORY\u015a &#8211; gospodarz ogrodu<\/h5>\n<p style=\"text-align: center;\"><strong>Do zada\u0144 Komisji Technicznej nale\u017cy:<\/strong><\/p>\n<h6 style=\"text-align: center;\">&#8211; nadz\u00f3r nad infrastruktur\u0105 ogrodow\u0105 w tym: elektryczn\u0105 ( kontrola urz\u0105dze\u0144 pomiarowych ), wodoci\u0105gow\u0105 i drogow\u0105,<\/h6>\n<h6 style=\"text-align: center;\">&#8211; nadz\u00f3r nad przestrzeganiem przepis\u00f3w \u201eRegulaminu Ogrodowego\u201d w zakresie realizowanych inwestycji ogrodowych w\u00a0tym budowy altanek i innych budowli ogrodowych, doprowadzenia energii elektrycznej, doprowadzania wodoci\u0105gu oraz\u00a0ich ko\u0144cowy odbi\u00f3r,<\/h6>\n<h6 style=\"text-align: center;\">&#8211;\u00a0wyja\u015bnianie kwestii spornych dotycz\u0105ce przebiegu granic dzia\u0142ek w tym ich pomiaru celem ustalenia ich zgodno\u015bci z ewidencj\u0105,<\/h6>\n<h6 style=\"text-align: center;\">&#8211; nadz\u00f3r nad przestrzeganiem przepis\u00f3w \u201eRegulaminu Ogrodowego\u201d w zakresie realizowanych inwestycji ogrodowych w tym budowy\u00a0altanek i innych budowli ogrodowych, doprowadzenia energii elektrycznej, wodoci\u0105gu oraz ich ko\u0144cowy odbi\u00f3r,<\/h6>\n<h6 style=\"text-align: center;\">&#8211; sprawdzanie pozwole\u0144 wydanych przez Zarz\u0105d na realizacj\u0119 inwestycji ogrodowych okre\u015blonych w regulaminie, ogrodowym w tym zezwole\u0144 na wjazd samochodami na teren Ogrodu zgodnie ze z\u0142o\u017conym w okre\u015blonym celu\u00a0 wnioskiem,<\/h6>\n<h6 style=\"text-align: center;\">&#8211; \u015bcis\u0142a wsp\u00f3\u0142praca z gospodarzem ogrodu w zakresie ujawnionych nieprawid\u0142owo\u015bci, stwierdzonych awarii w sieci energetycznej oraz\u00a0\u00a0\u00a0nielegalnego poboru energii i przer\u00f3bek uj\u0119\u0107 wody w sieci wodoci\u0105gowej,<\/h6>\n<h6 style=\"text-align: center;\">&#8211; pomoc dzia\u0142kowiczom w zakresie lokalizacji realizowanych budowli ogrodowych na dzier\u017cawionej dzia\u0142ce a tak\u017ce przebiegu u\u0142o\u017cenia przy\u0142\u0105cza elektrycznego lub wodoci\u0105gowego,<\/h6>\n<h6 style=\"text-align: center;\">&#8211;\u00a0sporz\u0105dzenie protoko\u0142u odbioru inwestycji ogrodowej realizowanej przez dzier\u017cawc\u0119 dzia\u0142ki w zakresie budowli, sieci elektrycznej i sieci wodoci\u0105gowej wed\u0142ug okre\u015blonego wzoru i przedstawienia protoko\u0142u na posiedzeniu Zarz\u0105du.<\/h6>\n<p>&nbsp;<\/p>\n<p>&nbsp;<\/p>\n<p>&nbsp;<\/p>\n","protected":false},"excerpt":{"rendered":"<p>Uchwa\u0142\u0105\u00a0 20\/2022 z dnia 3 wrze\u015bnia 2022 r. zosta\u0142a powo\u0142ana nowa Komisja Techniczna jako nie statutowy organ Stowarzyszenia. Komisja Techniczna dzia\u0142a w nast\u0119puj\u0105cym sk\u0142adzie: Przewodnicz\u0105cy Komisji\u00a0 \u2013 Grzegorz KOBIA\u0141KA Cz\u0142onek &#8211; Piotr KUREK Cz\u0142onek\u00a0 \u2013 Bogus\u0142aw KUPKA Cz\u0142onek &#8211; Tomasz FORY\u015a &#8211; gospodarz ogrodu Do zada\u0144 Komisji Technicznej nale\u017cy: &#8211; nadz\u00f3r nad infrastruktur\u0105 ogrodow\u0105 w &hellip; <a href=\"http:\/\/www.zaciszekrosno.pl\/?page_id=1370\" class=\"more-link\">Czytaj dalej <span class=\"screen-reader-text\">Komisja Techniczna<\/span> <span class=\"meta-nav\">&rarr;<\/span><\/a><\/p>\n","protected":false},"author":1,"featured_media":0,"parent":0,"menu_order":0,"comment_status":"closed","ping_status":"closed","template":"","meta":{"footnotes":""},"class_list":["post-1370","page","type-page","status-publish","hentry"],"_links":{"self":[{"href":"http:\/\/www.zaciszekrosno.pl\/index.php?rest_route=\/wp\/v2\/pages\/1370","targetHints":{"allow":["GET"]}}],"collection":[{"href":"http:\/\/www.zaciszekrosno.pl\/index.php?rest_route=\/wp\/v2\/pages"}],"about":[{"href":"http:\/\/www.zaciszekrosno.pl\/index.php?rest_route=\/wp\/v2\/types\/page"}],"author":[{"embeddable":true,"href":"http:\/\/www.zaciszekrosno.pl\/index.php?rest_route=\/wp\/v2\/users\/1"}],"replies":[{"embeddable":true,"href":"http:\/\/www.zaciszekrosno.pl\/index.php?rest_route=%2Fwp%2Fv2%2Fcomments&post=1370"}],"version-history":[{"count":13,"href":"http:\/\/www.zaciszekrosno.pl\/index.php?rest_route=\/wp\/v2\/pages\/1370\/revisions"}],"predecessor-version":[{"id":2847,"href":"http:\/\/www.zaciszekrosno.pl\/index.php?rest_route=\/wp\/v2\/pages\/1370\/revisions\/2847"}],"wp:attachment":[{"href":"http:\/\/www.zaciszekrosno.pl\/index.php?rest_route=%2Fwp%2Fv2%2Fmedia&parent=1370"}],"curies":[{"name":"wp","href":"https:\/\/api.w.org\/{rel}","templated":true}]}}