{"id":140,"date":"2015-11-17T23:22:56","date_gmt":"2015-11-17T22:22:56","guid":{"rendered":"http:\/\/www.zaciszekrosno.pl\/?page_id=140"},"modified":"2022-07-26T01:03:55","modified_gmt":"2022-07-25T23:03:55","slug":"komisja-rewizyjna","status":"publish","type":"page","link":"http:\/\/www.zaciszekrosno.pl\/?page_id=140","title":{"rendered":"Komisja Rewizyjna"},"content":{"rendered":"<p style=\"text-align: center;\"><em><strong>Przewodnicz\u0105cy Komisji<\/strong> &#8211; Jacek KUSTRO\u0143<\/em><\/p>\n<p style=\"text-align: center;\"><em><strong>Zast\u0119pca Przewodnicz\u0105cego<\/strong> &#8211; Franciszek WO\u015a<\/em><\/p>\n<p style=\"text-align: center;\"><em><strong>Cz\u0142onek Komisji<\/strong> &#8211; Mariusz NOWAK<\/em><\/p>\n","protected":false},"excerpt":{"rendered":"<p>Przewodnicz\u0105cy Komisji &#8211; Jacek KUSTRO\u0143 Zast\u0119pca Przewodnicz\u0105cego &#8211; Franciszek WO\u015a Cz\u0142onek Komisji &#8211; Mariusz NOWAK<\/p>\n","protected":false},"author":1,"featured_media":0,"parent":0,"menu_order":0,"comment_status":"closed","ping_status":"closed","template":"","meta":{"footnotes":""},"class_list":["post-140","page","type-page","status-publish","hentry"],"_links":{"self":[{"href":"http:\/\/www.zaciszekrosno.pl\/index.php?rest_route=\/wp\/v2\/pages\/140","targetHints":{"allow":["GET"]}}],"collection":[{"href":"http:\/\/www.zaciszekrosno.pl\/index.php?rest_route=\/wp\/v2\/pages"}],"about":[{"href":"http:\/\/www.zaciszekrosno.pl\/index.php?rest_route=\/wp\/v2\/types\/page"}],"author":[{"embeddable":true,"href":"http:\/\/www.zaciszekrosno.pl\/index.php?rest_route=\/wp\/v2\/users\/1"}],"replies":[{"embeddable":true,"href":"http:\/\/www.zaciszekrosno.pl\/index.php?rest_route=%2Fwp%2Fv2%2Fcomments&post=140"}],"version-history":[{"count":6,"href":"http:\/\/www.zaciszekrosno.pl\/index.php?rest_route=\/wp\/v2\/pages\/140\/revisions"}],"predecessor-version":[{"id":2528,"href":"http:\/\/www.zaciszekrosno.pl\/index.php?rest_route=\/wp\/v2\/pages\/140\/revisions\/2528"}],"wp:attachment":[{"href":"http:\/\/www.zaciszekrosno.pl\/index.php?rest_route=%2Fwp%2Fv2%2Fmedia&parent=140"}],"curies":[{"name":"wp","href":"https:\/\/api.w.org\/{rel}","templated":true}]}}