{"id":1907,"date":"2020-05-03T15:00:26","date_gmt":"2020-05-03T13:00:26","guid":{"rendered":"http:\/\/www.zaciszekrosno.pl\/?page_id=1907"},"modified":"2022-07-04T13:07:59","modified_gmt":"2022-07-04T11:07:59","slug":"ogloszenia","status":"publish","type":"page","link":"http:\/\/www.zaciszekrosno.pl\/?page_id=1907","title":{"rendered":"OG\u0141OSZENIA"},"content":{"rendered":"<h1 style=\"text-align: center;\"><span style=\"color: #0000ff;\"><strong>DOSTAWY WODY NA TERENIE KROSNA<\/strong><\/span><\/h1>\n<p style=\"text-align: center;\"><em><strong>Specjalny beczkow\u00f3z Kro\u015bnie\u0144skiego Holdingu Komunalnego dowiezie wod\u0119 do ogrodowego basenu. Zg\u0142oszenia przyjmowane s\u0105 od poniedzia\u0142ku do pi\u0105tku pod numerem\u00a0tel. 13 47 48 386. Jednorazowo przewo\u017cone jest oko\u0142o 5 m\u00b3 wody.<\/strong><\/em><\/p>\n<p style=\"text-align: center;\"><em>Wod\u0119 do ogrodowego basenu, z dowozem na wskazany adres, mo\u017cna zam\u00f3wi\u0107 w\u00a0<strong>Kro\u015bnie\u0144skim Holdingu Komunalnym<\/strong>. Us\u0142uga oferowana przez kro\u015bnie\u0144sk\u0105 sp\u00f3\u0142k\u0119 kierowana jest m.in. do os\u00f3b, kt\u00f3re chc\u0105 nape\u0142ni\u0107 wod\u0105 ogrodowy basen, a nie maj\u0105 mo\u017cliwo\u015bci dost\u0119pu do wody czerpanej.<\/em><\/p>\n<p style=\"text-align: center;\"><em>Woda transportowana jest beczkowozem o pojemno\u015bci 4,7 m sze\u015bc.,\u00a0<strong>W cen\u0119 us\u0142ugi wliczony jest koszt dojazdu beczkowozu \u2013 8 z\u0142\/km, ilo\u015b\u0107 wody \u2013 4,38 z\u0142\/m\u00b3<\/strong>\u00a0oraz\u00a0<strong>jednorazowa op\u0142ata rycza\u0142towa w wysoko\u015bci 35,19 z\u0142<\/strong>. Cena dojazdu beczkowozu uzale\u017cniona jest od ilo\u015bci przejechanych kilometr\u00f3w, kt\u00f3re liczone s\u0105 od miejsca wyjazdu beczkowozu z bazy przy ul. Fredry 12 w Kro\u015bnie do miejsca docelowego, czyli wskazanego przez Klienta, i z powrotem do bazy.<\/em><\/p>\n<p style=\"text-align: center;\"><em><strong>Minimalne zam\u00f3wienie to 4 m\u00b3.<\/strong><\/em><\/p>\n<p style=\"text-align: center;\"><em>Us\u0142uga dowozu wykonywana jest w dni robocze, od poniedzia\u0142ku do pi\u0105tku, i uzale\u017cniona jest od ilo\u015bci zam\u00f3wie\u0144. Dok\u0142adny termin ustalany jest indywidualnie.<\/em><\/p>\n<p style=\"text-align: center;\"><em>Aby zam\u00f3wi\u0107 wod\u0119, wystarczy zadzwoni\u0107 pod numer\u00a0<strong>tel. 13 47 48 386<\/strong>, a nast\u0119pnie wype\u0142ni\u0107 wniosek o zam\u00f3wienie takiej us\u0142ugi, kt\u00f3ry dost\u0119pny jest na stronie\u00a0<a href=\"http:\/\/www.ekrosno.pl\/\"><strong>www.ekrosno.pl<\/strong><\/a>, pod linkiem &#8211;\u00a0<a href=\"http:\/\/ekrosno.pl\/biuro-obslugi-klienta\/zalatw-sprawe\"><strong>http:\/\/ekrosno.pl\/biuro-obslugi-klienta\/zalatw-sprawe<\/strong><\/a><strong>.\u00a0<\/strong>We wniosku deklaruje si\u0119 ilo\u015b\u0107 zamawianej wody, miejsce jej dostarczenia oraz termin.<\/em><\/p>\n<h1 style=\"text-align: center;\"><span style=\"color: #0000ff;\"><strong>US\u0141UGI ORNE MINICI\u0104GNIKIEM<\/strong><\/span><\/h1>\n<h2 style=\"text-align: center;\"><em>Bogdan &#8211; tel.\u00a0 602 472 686<\/em><\/h2>\n","protected":false},"excerpt":{"rendered":"<p>DOSTAWY WODY NA TERENIE KROSNA Specjalny beczkow\u00f3z Kro\u015bnie\u0144skiego Holdingu Komunalnego dowiezie wod\u0119 do ogrodowego basenu. Zg\u0142oszenia przyjmowane s\u0105 od poniedzia\u0142ku do pi\u0105tku pod numerem\u00a0tel. 13 47 48 386. Jednorazowo przewo\u017cone jest oko\u0142o 5 m\u00b3 wody. Wod\u0119 do ogrodowego basenu, z dowozem na wskazany adres, mo\u017cna zam\u00f3wi\u0107 w\u00a0Kro\u015bnie\u0144skim Holdingu Komunalnym. Us\u0142uga oferowana przez kro\u015bnie\u0144sk\u0105 sp\u00f3\u0142k\u0119 kierowana &hellip; <a href=\"http:\/\/www.zaciszekrosno.pl\/?page_id=1907\" class=\"more-link\">Czytaj dalej <span class=\"screen-reader-text\">OG\u0141OSZENIA<\/span> <span class=\"meta-nav\">&rarr;<\/span><\/a><\/p>\n","protected":false},"author":1,"featured_media":0,"parent":0,"menu_order":0,"comment_status":"closed","ping_status":"closed","template":"","meta":{"footnotes":""},"class_list":["post-1907","page","type-page","status-publish","hentry"],"_links":{"self":[{"href":"http:\/\/www.zaciszekrosno.pl\/index.php?rest_route=\/wp\/v2\/pages\/1907","targetHints":{"allow":["GET"]}}],"collection":[{"href":"http:\/\/www.zaciszekrosno.pl\/index.php?rest_route=\/wp\/v2\/pages"}],"about":[{"href":"http:\/\/www.zaciszekrosno.pl\/index.php?rest_route=\/wp\/v2\/types\/page"}],"author":[{"embeddable":true,"href":"http:\/\/www.zaciszekrosno.pl\/index.php?rest_route=\/wp\/v2\/users\/1"}],"replies":[{"embeddable":true,"href":"http:\/\/www.zaciszekrosno.pl\/index.php?rest_route=%2Fwp%2Fv2%2Fcomments&post=1907"}],"version-history":[{"count":4,"href":"http:\/\/www.zaciszekrosno.pl\/index.php?rest_route=\/wp\/v2\/pages\/1907\/revisions"}],"predecessor-version":[{"id":2514,"href":"http:\/\/www.zaciszekrosno.pl\/index.php?rest_route=\/wp\/v2\/pages\/1907\/revisions\/2514"}],"wp:attachment":[{"href":"http:\/\/www.zaciszekrosno.pl\/index.php?rest_route=%2Fwp%2Fv2%2Fmedia&parent=1907"}],"curies":[{"name":"wp","href":"https:\/\/api.w.org\/{rel}","templated":true}]}}