{"id":22,"date":"2015-11-15T14:42:48","date_gmt":"2015-11-15T13:42:48","guid":{"rendered":"http:\/\/www.zaciszekrosno.pl\/?page_id=22"},"modified":"2021-11-21T23:10:00","modified_gmt":"2021-11-21T22:10:00","slug":"mapa-ogrodu","status":"publish","type":"page","link":"http:\/\/www.zaciszekrosno.pl\/?page_id=22","title":{"rendered":"PLAN OGRODU"},"content":{"rendered":"<p style=\"text-align: center;\"><a href=\"http:\/\/www.zaciszekrosno.pl\/wp-content\/uploads\/2018\/12\/Plan-ogrodu-kontrast.docx\">Plan ogrodu<\/a><\/p>\n<p><a href=\"http:\/\/www.zaciszekrosno.pl\/wp-content\/uploads\/2018\/12\/Strona-po\u0142udniowa.jpg\"><img loading=\"lazy\" decoding=\"async\" class=\"size-full wp-image-1501 alignnone\" src=\"http:\/\/www.zaciszekrosno.pl\/wp-content\/uploads\/2018\/12\/Strona-po\u0142udniowa.jpg\" alt=\"\" width=\"3436\" height=\"2409\" srcset=\"http:\/\/www.zaciszekrosno.pl\/wp-content\/uploads\/2018\/12\/Strona-po\u0142udniowa.jpg 3436w, http:\/\/www.zaciszekrosno.pl\/wp-content\/uploads\/2018\/12\/Strona-po\u0142udniowa-150x105.jpg 150w, http:\/\/www.zaciszekrosno.pl\/wp-content\/uploads\/2018\/12\/Strona-po\u0142udniowa-300x210.jpg 300w, http:\/\/www.zaciszekrosno.pl\/wp-content\/uploads\/2018\/12\/Strona-po\u0142udniowa-1024x718.jpg 1024w\" sizes=\"auto, (max-width: 3436px) 100vw, 3436px\" \/><\/a><\/p>\n<p style=\"text-align: center;\">Strona po\u0142udniowa<\/p>\n<p><a href=\"http:\/\/www.zaciszekrosno.pl\/wp-content\/uploads\/2018\/12\/Strona-p\u00f3\u0142nocna.jpg\"><img loading=\"lazy\" decoding=\"async\" class=\"size-full wp-image-1502 alignnone\" src=\"http:\/\/www.zaciszekrosno.pl\/wp-content\/uploads\/2018\/12\/Strona-p\u00f3\u0142nocna.jpg\" alt=\"\" width=\"3436\" height=\"2409\" srcset=\"http:\/\/www.zaciszekrosno.pl\/wp-content\/uploads\/2018\/12\/Strona-p\u00f3\u0142nocna.jpg 3436w, http:\/\/www.zaciszekrosno.pl\/wp-content\/uploads\/2018\/12\/Strona-p\u00f3\u0142nocna-150x105.jpg 150w, http:\/\/www.zaciszekrosno.pl\/wp-content\/uploads\/2018\/12\/Strona-p\u00f3\u0142nocna-300x210.jpg 300w, http:\/\/www.zaciszekrosno.pl\/wp-content\/uploads\/2018\/12\/Strona-p\u00f3\u0142nocna-1024x718.jpg 1024w\" sizes=\"auto, (max-width: 3436px) 100vw, 3436px\" \/><\/a><\/p>\n<p style=\"text-align: center;\">Strona p\u00f3\u0142nocna<\/p>\n<p>http:\/\/www.zaciszekrosno.pl\/wp-content\/uploads\/2021\/11\/Plan-ogrodu-1.tif<\/p>\n<p style=\"text-align: center;\"><a href=\"http:\/\/www.zaciszekrosno.pl\/wp-content\/uploads\/2018\/12\/ogrodki111-Kopia.tif\"><img decoding=\"async\" class=\"aligncenter size-full wp-image-1494\" src=\"http:\/\/www.zaciszekrosno.pl\/wp-content\/uploads\/2018\/12\/ogrodki111-Kopia.tif\" alt=\"\" \/><\/a><a href=\"http:\/\/www.zaciszekrosno.pl\/wp-content\/uploads\/2018\/12\/ogrodki111-Kopia.tif\"><img decoding=\"async\" class=\"aligncenter size-full wp-image-1494\" src=\"http:\/\/www.zaciszekrosno.pl\/wp-content\/uploads\/2018\/12\/ogrodki111-Kopia.tif\" alt=\"\" \/><\/a><\/p>\n","protected":false},"excerpt":{"rendered":"<p>Plan ogrodu Strona po\u0142udniowa Strona p\u00f3\u0142nocna http:\/\/www.zaciszekrosno.pl\/wp-content\/uploads\/2021\/11\/Plan-ogrodu-1.tif<\/p>\n","protected":false},"author":1,"featured_media":0,"parent":0,"menu_order":0,"comment_status":"closed","ping_status":"closed","template":"","meta":{"footnotes":""},"class_list":["post-22","page","type-page","status-publish","hentry"],"_links":{"self":[{"href":"http:\/\/www.zaciszekrosno.pl\/index.php?rest_route=\/wp\/v2\/pages\/22","targetHints":{"allow":["GET"]}}],"collection":[{"href":"http:\/\/www.zaciszekrosno.pl\/index.php?rest_route=\/wp\/v2\/pages"}],"about":[{"href":"http:\/\/www.zaciszekrosno.pl\/index.php?rest_route=\/wp\/v2\/types\/page"}],"author":[{"embeddable":true,"href":"http:\/\/www.zaciszekrosno.pl\/index.php?rest_route=\/wp\/v2\/users\/1"}],"replies":[{"embeddable":true,"href":"http:\/\/www.zaciszekrosno.pl\/index.php?rest_route=%2Fwp%2Fv2%2Fcomments&post=22"}],"version-history":[{"count":13,"href":"http:\/\/www.zaciszekrosno.pl\/index.php?rest_route=\/wp\/v2\/pages\/22\/revisions"}],"predecessor-version":[{"id":526,"href":"http:\/\/www.zaciszekrosno.pl\/index.php?rest_route=\/wp\/v2\/pages\/22\/revisions\/526"}],"wp:attachment":[{"href":"http:\/\/www.zaciszekrosno.pl\/index.php?rest_route=%2Fwp%2Fv2%2Fmedia&parent=22"}],"curies":[{"name":"wp","href":"https:\/\/api.w.org\/{rel}","templated":true}]}}