{"id":24,"date":"2015-11-15T14:43:07","date_gmt":"2015-11-15T13:43:07","guid":{"rendered":"http:\/\/www.zaciszekrosno.pl\/?page_id=24"},"modified":"2017-03-30T00:21:53","modified_gmt":"2017-03-29T22:21:53","slug":"kontakt","status":"publish","type":"page","link":"http:\/\/www.zaciszekrosno.pl\/?page_id=24","title":{"rendered":"KONTAKT"},"content":{"rendered":"<p><strong>Stowarzyszenie Dzia\u0142kowc\u00f3w Ogrodu &#8222;Zacisze&#8221;<\/strong><\/p>\n<p><strong>Siedziba:<\/strong> ul.Bia\u0142obrzeska 133,\u00a038-400 Krosno<\/p>\n<p><strong>Adres do korespondencji:<\/strong> ul.Mickiewicza 16\/68, 38-400 Krosno<\/p>\n<p><strong>Adres e-mailowy:<\/strong>\u00a0sdo.zacisze@wp.pl<\/p>\n<p><strong>Telefon kontaktowy<\/strong>: +48 727 299 522<\/p>\n<p>&nbsp;<\/p>\n","protected":false},"excerpt":{"rendered":"<p>Stowarzyszenie Dzia\u0142kowc\u00f3w Ogrodu &#8222;Zacisze&#8221; Siedziba: ul.Bia\u0142obrzeska 133,\u00a038-400 Krosno Adres do korespondencji: ul.Mickiewicza 16\/68, 38-400 Krosno Adres e-mailowy:\u00a0sdo.zacisze@wp.pl Telefon kontaktowy: +48 727 299 522 &nbsp;<\/p>\n","protected":false},"author":1,"featured_media":0,"parent":0,"menu_order":0,"comment_status":"closed","ping_status":"closed","template":"","meta":{"footnotes":""},"class_list":["post-24","page","type-page","status-publish","hentry"],"_links":{"self":[{"href":"http:\/\/www.zaciszekrosno.pl\/index.php?rest_route=\/wp\/v2\/pages\/24","targetHints":{"allow":["GET"]}}],"collection":[{"href":"http:\/\/www.zaciszekrosno.pl\/index.php?rest_route=\/wp\/v2\/pages"}],"about":[{"href":"http:\/\/www.zaciszekrosno.pl\/index.php?rest_route=\/wp\/v2\/types\/page"}],"author":[{"embeddable":true,"href":"http:\/\/www.zaciszekrosno.pl\/index.php?rest_route=\/wp\/v2\/users\/1"}],"replies":[{"embeddable":true,"href":"http:\/\/www.zaciszekrosno.pl\/index.php?rest_route=%2Fwp%2Fv2%2Fcomments&post=24"}],"version-history":[{"count":8,"href":"http:\/\/www.zaciszekrosno.pl\/index.php?rest_route=\/wp\/v2\/pages\/24\/revisions"}],"predecessor-version":[{"id":597,"href":"http:\/\/www.zaciszekrosno.pl\/index.php?rest_route=\/wp\/v2\/pages\/24\/revisions\/597"}],"wp:attachment":[{"href":"http:\/\/www.zaciszekrosno.pl\/index.php?rest_route=%2Fwp%2Fv2%2Fmedia&parent=24"}],"curies":[{"name":"wp","href":"https:\/\/api.w.org\/{rel}","templated":true}]}}