{"id":2567,"date":"2022-08-29T00:52:49","date_gmt":"2022-08-28T22:52:49","guid":{"rendered":"http:\/\/www.zaciszekrosno.pl\/?page_id=2567"},"modified":"2022-08-29T23:21:09","modified_gmt":"2022-08-29T21:21:09","slug":"16-06-2018-walne-zebranie-sprawozdawczo-wyborcze","status":"publish","type":"page","link":"http:\/\/www.zaciszekrosno.pl\/?page_id=2567","title":{"rendered":"16.06.2018 &#8211; VI Walne Zebranie Sprawozdawczo-wyborcze"},"content":{"rendered":"<p style=\"text-align: center;\"><span style=\"color: #000000;\"><strong>W dniu 16.06.2018 r. odby\u0142o si\u0119 VI Walne Zebranie Sprawozdawczo-wyborcze Stowarzyszenia Dzia\u0142kowc\u00f3w Ogrodu &#8222;Zacisze&#8221;<\/strong><\/span><\/p>\n<p style=\"text-align: center;\">Zebranie zwo\u0142ane przez Zarz\u0105d Stowarzyszenia Dzia\u0142kowc\u00f3w Ogrodu \u201eZacisze\u201d w Kro\u015bnie ul. Bia\u0142obrzeska 133 na podstawie \u00a7 29 ust. 1 i 3 oraz \u00a7 27 Statutu Stowarzyszenia. Zebranie odby\u0142o si\u0119 na placu obok \u015bwietlicy ogrodowej, rozpocz\u0119te w drugim terminie &#8211; o godzinie 15,30 (\u00a7 30 ust. 3 Statutu Stowarzyszenia).<\/p>\n<p style=\"text-align: center;\"><em>Na dzie\u0144 Walnego Zebrania Stowarzyszenie liczy\u0142o 212 cz\u0142onk\u00f3w. W zebraniu uczestniczy\u0142o 66 cz\u0142onk\u00f3w co daje frekwencj\u0119 31,13%.<\/em><\/p>\n<p style=\"text-align: center;\"><strong>Wybrano Prezydium Walnego Zebrania Sprawozdawczo-wyborczego<\/strong><\/p>\n<p style=\"text-align: center;\"><strong>Pani Ewa SANECKA\u00a0 &#8211; Przewodnicz\u0105ca Walnego Zebrania<\/strong><\/p>\n<p style=\"text-align: center;\"><strong>Pani Ma\u0142gorzata KRZYSIK &#8211; Sekretarz Walnego Zebrania<\/strong><\/p>\n<h4 style=\"text-align: center;\">Wybrano 2 komisje:<\/h4>\n<p style=\"text-align: center;\">Komisja Mandatowo-skrutacyjna &#8211;<\/p>\n<p style=\"text-align: center;\"><strong>Pan Jacek KUSTRO\u0143 &#8211; Przewodnicz\u0105cy Komisji<\/strong><\/p>\n<p style=\"text-align: center;\"><strong>Pani &#8211; Dominika URBANEK<\/strong><\/p>\n<p style=\"text-align: center;\"><strong>Pan Maciej MAZUR &#8211; Cz\u0142onek Komisji<\/strong><\/p>\n<p style=\"text-align: center;\">Komisja Uchwa\u0142 i Wniosk\u00f3w<\/p>\n<p style=\"text-align: center;\"><strong>Pani Lidia TERLECKA &#8211; Przewodnicz\u0105ca komisji<\/strong><\/p>\n<p style=\"text-align: center;\"><strong>Pan Edward \u015aWI\u0104TEK &#8211; Cz\u0142onek komisji<\/strong><\/p>\n<p style=\"text-align: center;\"><strong>Zrealizowane zadania<\/strong><\/p>\n<p style=\"text-align: center;\">&#8211; remont dachu pomieszczenia administracyjnego stowarzyszenia,<\/p>\n<p style=\"text-align: center;\">&#8211; czyszczenie studni g\u0142\u0119binowych wraz z wymian\u0105 pomp i urz\u0105dze\u0144 steruj\u0105cymi pompami,<\/p>\n<p style=\"text-align: center;\">&#8211; rozwi\u0105zanie problemu z dzia\u0142kami porzuconymi i niezagospodarowanymi,<\/p>\n<p style=\"text-align: center;\">&#8211; wyposa\u017cenie pomieszczenia administracyjnego w nowe krzese\u0142ka ( zakupiono 60 szt. )<\/p>\n<p style=\"text-align: center;\">&#8211; dora\u017anie jest realizowany plan modernizacji sieci przesy\u0142owej energii elektrycznej ( skrzynki na s\u0142upach zaopatruj\u0105ce w\u00a0 energie elektryczn\u0105 s\u0105 sukcesywnie naprawiane, w tym malowane oznaczane tabliczkami ostrzegaj\u0105cymi a co za tym idzie\u00a0zabezpieczeniem przed dost\u0119pem os\u00f3b nieuprawnionych w tym dzieci),<\/p>\n<p style=\"text-align: center;\">&#8211; uporz\u0105dkowanie numeracji dzia\u0142ek w tym zakup tabliczek z numerami dzia\u0142ek z jednoczesnym nazwaniem alejek i\u00a0wykonaniem tabliczek z oznaczeniem ich nazw z numeracj\u0105 dzia\u0142ek przy danej alejce, co przyczyni si\u0119 do lepszej orientacji na terenie ogrodu,<\/p>\n<p style=\"text-align: center;\"><strong>Nie zrealizowane zadania<\/strong><\/p>\n<p style=\"text-align: center;\">&#8211; budowa wodoci\u0105gu w celu przy\u0142\u0105czenia ogrodu do miejskiej sieci wodoci\u0105gowej \u00a0&#8211; koszt \u00a0inwestycji oko\u0142o 135 tys. z\u0142otych,<\/p>\n<p style=\"text-align: center;\">&#8211; wykonanie mapy istniej\u0105cych \u00a0sieci podziemnych \u00a0wodoci\u0105gowej i elektrycznej. Bez tego \u017caden wykonawca \u00a0nie podejmie si\u0119<br \/>\nrealizacji\u00a0\u00a0 planowanych inwestycji, w tym zamontowania licznik\u00f3w energii elektrycznej w skrzynkach na s\u0142upach \u2013 koszt<br \/>\noko\u0142o 58 tys.\u00a0 z\u0142otych,<\/p>\n<p style=\"text-align: center;\">&#8211; sprawa wywozu odpad\u00f3w komunalnych segregowanych. Z nowym rokiem firma KROeko podnios\u0142a op\u0142aty za wyw\u00f3z kontener\u00f3w z kwoty oko\u0142o 19 z\u0142 za kontener do ponad 130 z\u0142. za kontener. Z tych wzgl\u0119d\u00f3w szukano rozwi\u0105zania alternatywnego, lecz wynaj\u0119ty prywatny odbiorca nie wywi\u0105za\u0142 si\u0119 z umowy i zrezygnowano z jego us\u0142ug wracaj\u0105c do KRO-eko,<\/p>\n<p style=\"text-align: center;\">Przeprowadzono wybory do organ\u00f3w statutowych stowarzyszenia i Komisji Rozjemczej<\/p>\n<p style=\"text-align: center;\"><strong>W sk\u0142ad Zarz\u0105du Stowarzyszenia zostali wybrani<\/strong><\/p>\n<p style=\"text-align: center;\"><strong>Pan Jerzy PESZ &#8211; Prezes Zarz\u0105du &#8211; uzyska\u0142 56 g\u0142os\u00f3w wa\u017cnych<\/strong><\/p>\n<p style=\"text-align: center;\"><strong>Pan Leszek Kr\u0119\u017ca\u0142ek, <\/strong><\/p>\n<p style=\"text-align: center;\"><strong>Pani Ma\u0142gorzata Krzysik,<\/strong><\/p>\n<p style=\"text-align: center;\"><strong>Pan Bogus\u0142aw Kupka, <\/strong><\/p>\n<p style=\"text-align: center;\"><strong>Pani Irena Mi\u0119sowicz, <\/strong><\/p>\n<p style=\"text-align: center;\"><strong>Pani Zofia Moszczy\u0144ska, <\/strong><\/p>\n<p style=\"text-align: center;\"><strong>Pan Wies\u0142aw\u00a0 Sanocki, <\/strong><\/p>\n<p style=\"text-align: center;\"><strong>Pani Iwona Tyzo-Misio\u0142ek, <\/strong><\/p>\n<p style=\"text-align: center;\"><strong>Pan Aleksander Wojto\u0144<\/strong><\/p>\n<p style=\"text-align: center;\"><span style=\"color: #ff0000;\"><strong>Zarz\u0105d Stowarzyszenia ukonstytuowa\u0142 si\u0119 na I Posiedzeniu Zarz\u0105du II kadencji w dniu 16.06.2018 r. Uchwa\u0142\u0105 nr 11\/2018<\/strong><\/span><\/p>\n<p style=\"text-align: center;\"><strong>W sk\u0142ad Komisji Rewizyjnej zostali wybrani:<\/strong><\/p>\n<p style=\"text-align: center;\"><strong>\u00a0Pan J\u00f3zef Kielar, <\/strong><\/p>\n<p style=\"text-align: center;\"><strong>Pan Jan Rozmus, <\/strong><\/p>\n<p style=\"text-align: center;\"><strong>Pani Irena Skrz\u0119ta, <\/strong><\/p>\n<p style=\"text-align: center;\"><strong>Pani Ma\u0142gorzata Wojtu\u0144, <\/strong><\/p>\n<p style=\"text-align: center;\"><strong>Pan Franciszek Wo\u015b<\/strong><\/p>\n<p style=\"text-align: center;\"><strong>W sk\u0142ad Komisji Rozjemczej zostali wybrani:<\/strong><\/p>\n<p style=\"text-align: center;\"><strong>Pani Janina Gerula, <\/strong><\/p>\n<p style=\"text-align: center;\"><strong>Pan Janusz Ogonowski, <\/strong><\/p>\n<p style=\"text-align: center;\"><strong>Pani Ewa Sanecka<\/strong><\/p>\n<p style=\"text-align: center;\"><span style=\"color: #ff0000;\"><strong>Uchwa\u0142\u0105 nr 4\/2018 dokonano zmian w Statucie Stowarzyszenia a Uchwa\u0142\u0105 nr 5\/2018 dokonano zmian w Regulaminie ogrodowym.<\/strong><\/span><\/p>\n<p style=\"text-align: center;\"><strong>Podczas zebrania podj\u0119to 7 Uchwa\u0142 i z\u0142o\u017cono 2 wnioski.<\/strong> Wszystkie Uchwa\u0142y wchodz\u0105 w \u017cycie z dniem uchwalenia tj. 16 czerwca 2018 r. Uchwa\u0142a nr 7 b\u0119dzie obowi\u0105zywa\u0142a od 1 stycznia 2019 r.<\/p>\n<p style=\"text-align: center;\"><a href=\"http:\/\/www.zaciszekrosno.pl\/wp-content\/uploads\/2022\/08\/UCHWALY-WZ-2018.pdf\"><strong>PODJ\u0118TO NASTEPUJ\u0104CE UCHWA\u0141Y<\/strong><\/a><\/p>\n<p>&nbsp;<\/p>\n","protected":false},"excerpt":{"rendered":"<p>W dniu 16.06.2018 r. odby\u0142o si\u0119 VI Walne Zebranie Sprawozdawczo-wyborcze Stowarzyszenia Dzia\u0142kowc\u00f3w Ogrodu &#8222;Zacisze&#8221; Zebranie zwo\u0142ane przez Zarz\u0105d Stowarzyszenia Dzia\u0142kowc\u00f3w Ogrodu \u201eZacisze\u201d w Kro\u015bnie ul. Bia\u0142obrzeska 133 na podstawie \u00a7 29 ust. 1 i 3 oraz \u00a7 27 Statutu Stowarzyszenia. Zebranie odby\u0142o si\u0119 na placu obok \u015bwietlicy ogrodowej, rozpocz\u0119te w drugim terminie &#8211; o godzinie &hellip; <a href=\"http:\/\/www.zaciszekrosno.pl\/?page_id=2567\" class=\"more-link\">Czytaj dalej <span class=\"screen-reader-text\">16.06.2018 &#8211; VI Walne Zebranie Sprawozdawczo-wyborcze<\/span> <span class=\"meta-nav\">&rarr;<\/span><\/a><\/p>\n","protected":false},"author":1,"featured_media":0,"parent":0,"menu_order":0,"comment_status":"closed","ping_status":"closed","template":"","meta":{"footnotes":""},"class_list":["post-2567","page","type-page","status-publish","hentry"],"_links":{"self":[{"href":"http:\/\/www.zaciszekrosno.pl\/index.php?rest_route=\/wp\/v2\/pages\/2567","targetHints":{"allow":["GET"]}}],"collection":[{"href":"http:\/\/www.zaciszekrosno.pl\/index.php?rest_route=\/wp\/v2\/pages"}],"about":[{"href":"http:\/\/www.zaciszekrosno.pl\/index.php?rest_route=\/wp\/v2\/types\/page"}],"author":[{"embeddable":true,"href":"http:\/\/www.zaciszekrosno.pl\/index.php?rest_route=\/wp\/v2\/users\/1"}],"replies":[{"embeddable":true,"href":"http:\/\/www.zaciszekrosno.pl\/index.php?rest_route=%2Fwp%2Fv2%2Fcomments&post=2567"}],"version-history":[{"count":6,"href":"http:\/\/www.zaciszekrosno.pl\/index.php?rest_route=\/wp\/v2\/pages\/2567\/revisions"}],"predecessor-version":[{"id":2602,"href":"http:\/\/www.zaciszekrosno.pl\/index.php?rest_route=\/wp\/v2\/pages\/2567\/revisions\/2602"}],"wp:attachment":[{"href":"http:\/\/www.zaciszekrosno.pl\/index.php?rest_route=%2Fwp%2Fv2%2Fmedia&parent=2567"}],"curies":[{"name":"wp","href":"https:\/\/api.w.org\/{rel}","templated":true}]}}