{"id":2571,"date":"2022-08-29T00:55:44","date_gmt":"2022-08-28T22:55:44","guid":{"rendered":"http:\/\/www.zaciszekrosno.pl\/?page_id=2571"},"modified":"2022-08-29T22:57:30","modified_gmt":"2022-08-29T20:57:30","slug":"05-09-20220-viii-walne-zebranie-sprawozdawcze","status":"publish","type":"page","link":"http:\/\/www.zaciszekrosno.pl\/?page_id=2571","title":{"rendered":"05.09.2020 &#8211; VIII Walne Zebranie Sprawozdawcze"},"content":{"rendered":"<p style=\"text-align: center;\"><span style=\"color: #000000;\"><strong>W dniu 05.09.2020 r. odby\u0142o si\u0119 VIII Walne Zebranie Sprawozdawcze Stowarzyszenia Dzia\u0142kowc\u00f3w Ogrodu &#8222;Zacisze&#8221;<\/strong><\/span><\/p>\n<p style=\"text-align: center;\">Zebranie zwo\u0142ane przez Zarz\u0105d Stowarzyszenia Dzia\u0142kowc\u00f3w Ogrodu \u201eZacisze\u201d w Kro\u015bnie ul. Bia\u0142obrzeska 133 zwo\u0142ane na podstawie \u00a7 29 ust. 1 i 3 oraz \u00a7 27 Statutu Stowarzyszenia. Zebranie odby\u0142o si\u0119 na placu obok \u015bwietlicy ogrodowej w drugim terminie o godzinie 15,30 (\u00a7 30 ust. 3 Statutu Stowarzyszenia).<\/p>\n<p style=\"text-align: center;\"><span style=\"color: #ff0000;\"><strong><em>Na dzie\u0144 Walnego Zebrania Stowarzyszenie liczy\u0142o 216 cz\u0142onk\u00f3w. W zebraniu uczestniczy\u0142o 41cz\u0142onk\u00f3w co daje frekwencj\u0119 18,98% Jest to najni\u017csza frekwencja od powstania Stowarzyszenia.<\/em><\/strong><\/span><\/p>\n<p style=\"text-align: center;\"><strong>Wybrano Prezydium\u00a0 Walnego Zebrania Sprawozdawczego<\/strong><\/p>\n<p style=\"text-align: center;\"><strong>Pani Bogus\u0142awa MAREK\u00a0 &#8211; Przewodnicz\u0105ca Walnego Zebrania<\/strong><\/p>\n<p style=\"text-align: center;\"><strong>Pan Piotr KUREK &#8211; Sekretarz Walnego Zebrania<\/strong><\/p>\n<h4 style=\"text-align: center;\">Wybrano 1 komisj\u0119:<\/h4>\n<p style=\"text-align: center;\">Komisja Uchwa\u0142 i Wniosk\u00f3w<\/p>\n<p style=\"text-align: center;\"><strong>Pani Lidia TERLECKA &#8211; Przewodnicz\u0105ca komisji<\/strong><\/p>\n<p style=\"text-align: center;\"><strong>Pan Jacek KUSTRO\u0143 &#8211; Cz\u0142onek komisji<\/strong><\/p>\n<p style=\"text-align: center;\">I Wiceprezes Wies\u0142aw Sanocki pod nieobecno\u015b\u0107 chorego Prezesa Jerzego Pesza o godzinie 15.00 poinformowa\u0142, \u017ce na podstawie wydanych mandat\u00f3w dzia\u0142kowcom cz\u0142onkom stowarzyszenia w zebraniu uczestniczy 31 cz\u0142onk\u00f3w stowarzyszenia na 216 zarejestrowanych cz\u0142onk\u00f3w stowarzyszenia. Aby Walne Zebranie mog\u0142o si\u0119 odby\u0107 powinno w nim uczestniczy\u0107 co najmniej 109 cz\u0142onk\u00f3w stowarzyszenia wobec czego zebranie nie mo\u017ce si\u0119 odby\u0107 w I terminie na podstawie \u00a7 32 ust. 2 z uwagi na niedostateczn\u0105 frekwencj\u0119. Termin II Walnego zebrania zosta\u0142 ustalony na podstawie \u00a7 32 ust. 3 na godz. 15.30. O godz. 15.30 I Wiceprezes Wies\u0142aw Sanocki poinformowa\u0142, \u017ce w na podstawie \u00a7 32 ust. 3 Statutu stowarzyszenia otwiera Walne Zebranie sprawozdawcze Stowarzyszenia dzia\u0142kowc\u00f3w ogrodu \u201eZacisze\u201d w Kro\u015bnie z upowa\u017cnienia Prezesa Jerzego Pesza. Powita\u0142 wszystkich uczestnicz\u0105cych w WZ i poinformowa\u0142, \u017ce aktualnie w zebraniu uczestniczy 41 cz\u0142onk\u00f3w stowarzyszenia na podstawie wydanych mandat\u00f3w wyborczych. W zebraniu uczestniczy 18,98% dzia\u0142kowc\u00f3w cz\u0142onk\u00f3w Stowarzyszenia. W oparciu o obowi\u0105zuj\u0105cy Statut Stowarzyszenia zebranie uwa\u017ca si\u0119 za zwo\u0142ane w drugim terminie i jest ono wa\u017cne zgodnie z \u00a7 32 ust 3 Statutu i mo\u017ce podejmowa\u0107 uchwa\u0142y. Ze wzgl\u0119d\u00f3w epidemiologicznych mandat\u00f3w nie pobierano za pokwitowaniem, lecz wydanie mandatu odnotowano na li\u015bcie w miejscu podpisu adnotacj\u0105 <strong><u>OTRZYMA\u0141\/OTRZYMA\u0141A<\/u><\/strong><\/p>\n<p style=\"text-align: center;\">I Wiceprezes Wies\u0142aw Sanocki zaproponowa\u0142 o rozszerzenie porz\u0105dku obrad walnego zebrania o przyj\u0119cie wniosku cz\u0142onk\u00f3w Zarz\u0105du SDO Zacisze o nadanie ust\u0119puj\u0105cemu Prezesowi Jerzemu Peszowi tytu\u0142u \u201eHonorowego cz\u0142onka Stowarzyszenia Dzia\u0142kowc\u00f3w ogrodu \u201eZacisze\u201d. Wraz z wnioskiem o nadanie tytu\u0142u honorowego cz\u0142onka na r\u0119ce Przewodnicz\u0105cej zebrania z\u0142o\u017cy\u0142 pisemn\u0105 rezygnacj\u0119 Jerzego Pesza z funkcji Prezesa i cz\u0142onka zarz\u0105du w zwi\u0105zku z problemami zdrowotnymi, oraz pismo do wszystkich dzia\u0142kowc\u00f3w ogrodu Zacisze uczestnik\u00f3w walnego zebrania celem odczytania. Zaproponowa\u0142, aby pismo do dzia\u0142kowc\u00f3w oraz podj\u0119cie Uchwa\u0142y o nadaniu tytu\u0142u \u201eHonorowego cz\u0142onka SDO Zacisze\u201d rozpatrzy\u0107, jako osobny punkt porz\u0105dku obrad np. jako <strong>pkt. 16a<\/strong>. Nikt z bior\u0105cych udzia\u0142 w zebraniu nie wni\u00f3s\u0142 zastrze\u017ce\u0144 odno\u015bnie podanej propozycji<\/p>\n<p style=\"text-align: center;\">I Wiceprezes Wies\u0142aw Sanocki przedstawi\u0142 sprawozdanie z pracy Zarz\u0105du stowarzyszenia za 2019 r. W swoim wyst\u0105pieniu poruszy\u0142 sprawy zwi\u0105zane ze zmianami w sk\u0142adzie Zarz\u0105du. W tym czasie na cz\u0142onka zarz\u0105du na zasadzie kooptacji w kwietniu 2019 zosta\u0142 powo\u0142any Kol. Franciszek Buczek dz. nr 70 w miejsce zmar\u0142ego Aleksandra Wojtonia przedstawi\u0142 nowego cz\u0142onka uczestnikom WZ. W grudniu 2019 r. rezygnacj\u0119 z Sekretarza i cz\u0142onka Zarz\u0105du z\u0142o\u017cy\u0142a Ma\u0142gorzata Krzysik. Jej rezygnacja zosta\u0142a przez Zarz\u0105d przyj\u0119ta na posiedzeniu Zarz\u0105du i w dniu 16.05.2020 r. na funkcje Sekretarza w drodze kooptacji zosta\u0142a powo\u0142ana Kol. Ewa Sanecka dz. nr 17. Odby\u0142o si\u0119 10 posiedze\u0144 Zarz\u0105du, podczas kt\u00f3rych podj\u0119to 33 uchwa\u0142y. Na koniec ubieg\u0142ego roku do stowarzyszenia nale\u017ca\u0142o 215 cz\u0142onk\u00f3w.<\/p>\n<p style=\"text-align: center;\"><strong>Przedsi\u0119wzi\u0119cia<\/strong><\/p>\n<ul>\n<li style=\"text-align: center;\">Op\u0142aty ogrodowe zosta\u0142y zrealizowane prawie w 100%. Jedna osoba nie op\u0142aci\u0142a w zwi\u0105zku, z czym zosta\u0142a pozbawiona <strong>prawa do dzia\u0142ki w drodze wypowiedzenia. Dzia\u0142ka zosta\u0142a przydzielona nowemu dzia\u0142kowcowi.<\/strong><\/li>\n<li style=\"text-align: center;\">Po d\u0142ugich negocjacjach w okresie ubieg\u0142ego roku dokonano wyboru firmy, kt\u00f3ra dokona modernizacji sieci energetycznej ogrodu.<\/li>\n<li style=\"text-align: center;\">Wykorzystano dotacje celow\u0105 w kwocie 15.000 z\u0142otych otrzyman\u0105 z Urz\u0119du Miasta Krosna na modernizacj\u0119 sieci poprzez zakupienie 33 rozdzielnic elektrycznych. Rozdzielnice b\u0119d\u0105 sukcesywnie montowane przy przebudowie sieci.<\/li>\n<li style=\"text-align: center;\">W grudniu 2019 r. dokonano odbioru zrealizowanego w ramach bud\u017cetu obywatelskiego miasta Krosna na 2019 r. o\u015bwietlenia parkingu przy drodze dojazdowej do ogrodu oraz monitoringu wizyjnego. Warto\u015b\u0107 inwestycji 65.000 z\u0142otych w ca\u0142o\u015bci sfinansowanej z bud\u017cetu miasta Krosna.<\/li>\n<li style=\"text-align: center;\">Zorganizowano spotkanie najstarszych dzia\u0142kowc\u00f3w ogrodu Zacisze z wr\u0119czeniem pami\u0105tkowych dyplom\u00f3w i statuetek z okazji 40 lecia powstania ogrodu Zacisze.<\/li>\n<li style=\"text-align: center;\">Wnioski nr 1 i 2 z WZ z ubieg\u0142ego roku s\u0105 w chwili obecnej realizowane i wyja\u015bniane. Ustalono, \u017ce r\u00f3w melioracyjny powy\u017cej dzia\u0142ek nale\u017cy do W\u00f3d Polskich natomiast rozgraniczenia dzia\u0142ek s\u0105 realizowane przez Komisj\u0119 Techniczn\u0105.<\/li>\n<\/ul>\n<p style=\"text-align: center;\"><strong><em>W zwi\u0105zku z rezygnacj\u0105 Prezesa Jerzego Pesza dokonano wybor\u00f3w nowego Prezesa Zarz\u0105du do ko\u0144ca kadencji w 2022 r.<\/em><\/strong><\/p>\n<p style=\"text-align: center;\">Prezesem Zarz\u0105du Stowarzyszenia na lata 2020 &#8211; 2022 zosta\u0142 wybrany jednomy\u015blnie <strong>Pan Wies\u0142aw SANOCKI<\/strong><\/p>\n<p style=\"text-align: center;\"><strong><span style=\"color: #ff0000;\">Uchwa\u0142\u0105 nr 8\/2020 Walnego Zebrania na wniosek Zarz\u0105du <\/span><\/strong><\/p>\n<p style=\"text-align: center;\"><strong><span style=\"color: #ff0000;\">Panu Jerzemu PESZOWI <\/span><\/strong><\/p>\n<p style=\"text-align: center;\"><strong><span style=\"color: #ff0000;\">zosta\u0142 nadany tytu\u0142 &#8222;Honorowego cz\u0142onka SDO Zacisze&#8221;<\/span><\/strong><\/p>\n<p style=\"text-align: center;\"><strong>Podczas zebrania podj\u0119to 7 Uchwa\u0142 i z\u0142o\u017cono 2 wnioski.<\/strong> Wszystkie Uchwa\u0142y wchodz\u0105 w \u017cycie z dniem uchwalenia tj. 05 wrze\u015bnia 2020 r. Uchwa\u0142a nr 6 b\u0119dzie obowi\u0105zywa\u0142a od 1 stycznia 2021 r.<\/p>\n<p style=\"text-align: center;\"><a href=\"http:\/\/www.zaciszekrosno.pl\/wp-content\/uploads\/2022\/08\/UCHWALY-WZ-2020.pdf\"><strong>PODJ\u0118TO NASTEPUJ\u0104CE UCHWA\u0141Y<\/strong><\/a><\/p>\n","protected":false},"excerpt":{"rendered":"<p>W dniu 05.09.2020 r. odby\u0142o si\u0119 VIII Walne Zebranie Sprawozdawcze Stowarzyszenia Dzia\u0142kowc\u00f3w Ogrodu &#8222;Zacisze&#8221; Zebranie zwo\u0142ane przez Zarz\u0105d Stowarzyszenia Dzia\u0142kowc\u00f3w Ogrodu \u201eZacisze\u201d w Kro\u015bnie ul. Bia\u0142obrzeska 133 zwo\u0142ane na podstawie \u00a7 29 ust. 1 i 3 oraz \u00a7 27 Statutu Stowarzyszenia. Zebranie odby\u0142o si\u0119 na placu obok \u015bwietlicy ogrodowej w drugim terminie o godzinie 15,30 &hellip; <a href=\"http:\/\/www.zaciszekrosno.pl\/?page_id=2571\" class=\"more-link\">Czytaj dalej <span class=\"screen-reader-text\">05.09.2020 &#8211; VIII Walne Zebranie Sprawozdawcze<\/span> <span class=\"meta-nav\">&rarr;<\/span><\/a><\/p>\n","protected":false},"author":1,"featured_media":0,"parent":0,"menu_order":0,"comment_status":"closed","ping_status":"closed","template":"","meta":{"footnotes":""},"class_list":["post-2571","page","type-page","status-publish","hentry"],"_links":{"self":[{"href":"http:\/\/www.zaciszekrosno.pl\/index.php?rest_route=\/wp\/v2\/pages\/2571","targetHints":{"allow":["GET"]}}],"collection":[{"href":"http:\/\/www.zaciszekrosno.pl\/index.php?rest_route=\/wp\/v2\/pages"}],"about":[{"href":"http:\/\/www.zaciszekrosno.pl\/index.php?rest_route=\/wp\/v2\/types\/page"}],"author":[{"embeddable":true,"href":"http:\/\/www.zaciszekrosno.pl\/index.php?rest_route=\/wp\/v2\/users\/1"}],"replies":[{"embeddable":true,"href":"http:\/\/www.zaciszekrosno.pl\/index.php?rest_route=%2Fwp%2Fv2%2Fcomments&post=2571"}],"version-history":[{"count":5,"href":"http:\/\/www.zaciszekrosno.pl\/index.php?rest_route=\/wp\/v2\/pages\/2571\/revisions"}],"predecessor-version":[{"id":2611,"href":"http:\/\/www.zaciszekrosno.pl\/index.php?rest_route=\/wp\/v2\/pages\/2571\/revisions\/2611"}],"wp:attachment":[{"href":"http:\/\/www.zaciszekrosno.pl\/index.php?rest_route=%2Fwp%2Fv2%2Fmedia&parent=2571"}],"curies":[{"name":"wp","href":"https:\/\/api.w.org\/{rel}","templated":true}]}}