{"id":3325,"date":"2025-04-24T16:44:56","date_gmt":"2025-04-24T14:44:56","guid":{"rendered":"http:\/\/www.zaciszekrosno.pl\/?page_id=3325"},"modified":"2025-04-24T16:44:56","modified_gmt":"2025-04-24T14:44:56","slug":"odczyty-energii-2025","status":"publish","type":"page","link":"http:\/\/www.zaciszekrosno.pl\/?page_id=3325","title":{"rendered":"ODCZYTY ENERGII 2025"},"content":{"rendered":"<p><a href=\"http:\/\/www.zaciszekrosno.pl\/wp-content\/uploads\/2025\/04\/ALEJA-AZALII.pdf\">ALEJA AZALII<\/a><\/p>\n<p><a href=\"http:\/\/www.zaciszekrosno.pl\/wp-content\/uploads\/2025\/04\/ALEJA-FORSYCJI.pdf\">ALEJA FORSYCJI<\/a><\/p>\n<p><a href=\"http:\/\/www.zaciszekrosno.pl\/wp-content\/uploads\/2025\/04\/ALEJA-MAGNOLII.pdf\">ALEJA MAGNOLII<\/a><\/p>\n<p><a href=\"http:\/\/www.zaciszekrosno.pl\/wp-content\/uploads\/2025\/04\/ALEJA-ROZ.pdf\">ALEJA R\u00d3\u017b<\/a><\/p>\n<p><a href=\"http:\/\/www.zaciszekrosno.pl\/wp-content\/uploads\/2025\/04\/ALEJA-TULIPANOW.pdf\">ALEJA TULIPAN\u00d3W<\/a><\/p>\n<p><a href=\"http:\/\/www.zaciszekrosno.pl\/wp-content\/uploads\/2025\/04\/ALEJA-WRZOSOW.pdf\">ALEJA WRZOS\u00d3W<\/a><\/p>\n","protected":false},"excerpt":{"rendered":"<p>ALEJA AZALII ALEJA FORSYCJI ALEJA MAGNOLII ALEJA R\u00d3\u017b ALEJA TULIPAN\u00d3W ALEJA WRZOS\u00d3W<\/p>\n","protected":false},"author":1,"featured_media":0,"parent":0,"menu_order":0,"comment_status":"closed","ping_status":"closed","template":"","meta":{"footnotes":""},"class_list":["post-3325","page","type-page","status-publish","hentry"],"_links":{"self":[{"href":"http:\/\/www.zaciszekrosno.pl\/index.php?rest_route=\/wp\/v2\/pages\/3325","targetHints":{"allow":["GET"]}}],"collection":[{"href":"http:\/\/www.zaciszekrosno.pl\/index.php?rest_route=\/wp\/v2\/pages"}],"about":[{"href":"http:\/\/www.zaciszekrosno.pl\/index.php?rest_route=\/wp\/v2\/types\/page"}],"author":[{"embeddable":true,"href":"http:\/\/www.zaciszekrosno.pl\/index.php?rest_route=\/wp\/v2\/users\/1"}],"replies":[{"embeddable":true,"href":"http:\/\/www.zaciszekrosno.pl\/index.php?rest_route=%2Fwp%2Fv2%2Fcomments&post=3325"}],"version-history":[{"count":1,"href":"http:\/\/www.zaciszekrosno.pl\/index.php?rest_route=\/wp\/v2\/pages\/3325\/revisions"}],"predecessor-version":[{"id":3326,"href":"http:\/\/www.zaciszekrosno.pl\/index.php?rest_route=\/wp\/v2\/pages\/3325\/revisions\/3326"}],"wp:attachment":[{"href":"http:\/\/www.zaciszekrosno.pl\/index.php?rest_route=%2Fwp%2Fv2%2Fmedia&parent=3325"}],"curies":[{"name":"wp","href":"https:\/\/api.w.org\/{rel}","templated":true}]}}