{"id":631,"date":"2017-03-30T01:18:31","date_gmt":"2017-03-29T23:18:31","guid":{"rendered":"http:\/\/www.zaciszekrosno.pl\/?page_id=631"},"modified":"2022-08-29T12:32:22","modified_gmt":"2022-08-29T10:32:22","slug":"28-05-2016-sprawozdawcze","status":"publish","type":"page","link":"http:\/\/www.zaciszekrosno.pl\/?page_id=631","title":{"rendered":"28.05.2016 &#8211; III Walne Zebranie Sprawozdawcze"},"content":{"rendered":"<p style=\"text-align: center;\"><span style=\"color: #000000;\"><strong>W dniu 28.06.2016 r. odby\u0142o si\u0119 III Walne Zebranie Sprawozdawcze Stowarzyszenia Dzia\u0142kowc\u00f3w Ogrodu &#8222;Zacisze&#8221;<\/strong><\/span><\/p>\n<p style=\"text-align: center;\">Zebranie zwo\u0142ane przez Zarz\u0105d Stowarzyszenia Dzia\u0142kowc\u00f3w Ogrodu \u201eZacisze\u201d w Kro\u015bnie ul. Bia\u0142obrzeska 133 zwo\u0142ane na podstawie \u00a7 29 ust. 1 i 3 oraz \u00a7 27 Statutu Stowarzyszenia. Zebranie odby\u0142o si\u0119 na placu obok \u015bwietlicy ogrodowej w drugim terminie o godzinie 15,30 (\u00a7 30 ust. 3 Statutu Stowarzyszenia).<\/p>\n<p style=\"text-align: center;\"><em>Na dzie\u0144 Walnego Zebrania Stowarzyszenie liczy\u0142o 191 cz\u0142onk\u00f3w. W zebraniu uczestniczy\u0142o 55 cz\u0142onk\u00f3w co daje frekwencj\u0119 28,79%.<\/em><\/p>\n<p style=\"text-align: center;\"><strong>Wybrano Prezydium Walnego Zebrania Sprawozdawczego<\/strong><\/p>\n<p style=\"text-align: center;\"><strong>Pani Ewa SANECKA\u00a0 &#8211; Przewodnicz\u0105ca Walnego Zebrania<\/strong><\/p>\n<p style=\"text-align: center;\"><strong>Pan Micha\u0142 KUCHARYK &#8211; Sekretarz Walnego Zebrania<\/strong><\/p>\n<p style=\"text-align: center;\"><strong>Pani Irena SKRZ\u0118TA &#8211; Cz\u0142onek Prezydium<\/strong><\/p>\n<h4 style=\"text-align: center;\">Wybrano 2 komisje:<\/h4>\n<p style=\"text-align: center;\">Komisja Mandatowa i Skrutacyjna &#8211; <strong>Pan Jacek KUSTRO\u0143 i Pani Iwona FUTIAKIEWICZ<\/strong><\/p>\n<p style=\"text-align: center;\">Komisja Uchwa\u0142 i Wniosk\u00f3w &#8211; <strong>Pani Lidia TERLECKA i Pan Romuald ROMANKIEWICZ<\/strong><\/p>\n<p style=\"text-align: center;\"><strong>Podczas zebrania podj\u0119to 7 Uchwa\u0142 i z\u0142o\u017cono 2 wnioski.<\/strong> Wszystkie Uchwa\u0142y wchodz\u0105 w \u017cycie z dniem uchwalenia tj. 28 maja 2016 r. Uchwa\u0142a nr 6 b\u0119dzie obowi\u0105zywa\u0142a od 1 stycznia 2017 r.<\/p>\n<p style=\"text-align: center;\"><a href=\"http:\/\/www.zaciszekrosno.pl\/wp-content\/uploads\/2022\/08\/UCHWALY-WZ-2016.pdf\"><strong>PODJ\u0118TO NASTEPUJ\u0104CE UCHWA\u0141Y<\/strong><\/a><\/p>\n<p>&nbsp;<\/p>\n","protected":false},"excerpt":{"rendered":"<p>W dniu 28.06.2016 r. odby\u0142o si\u0119 III Walne Zebranie Sprawozdawcze Stowarzyszenia Dzia\u0142kowc\u00f3w Ogrodu &#8222;Zacisze&#8221; Zebranie zwo\u0142ane przez Zarz\u0105d Stowarzyszenia Dzia\u0142kowc\u00f3w Ogrodu \u201eZacisze\u201d w Kro\u015bnie ul. Bia\u0142obrzeska 133 zwo\u0142ane na podstawie \u00a7 29 ust. 1 i 3 oraz \u00a7 27 Statutu Stowarzyszenia. Zebranie odby\u0142o si\u0119 na placu obok \u015bwietlicy ogrodowej w drugim terminie o godzinie 15,30 &hellip; <a href=\"http:\/\/www.zaciszekrosno.pl\/?page_id=631\" class=\"more-link\">Czytaj dalej <span class=\"screen-reader-text\">28.05.2016 &#8211; III Walne Zebranie Sprawozdawcze<\/span> <span class=\"meta-nav\">&rarr;<\/span><\/a><\/p>\n","protected":false},"author":1,"featured_media":0,"parent":0,"menu_order":0,"comment_status":"closed","ping_status":"closed","template":"","meta":{"footnotes":""},"class_list":["post-631","page","type-page","status-publish","hentry"],"_links":{"self":[{"href":"http:\/\/www.zaciszekrosno.pl\/index.php?rest_route=\/wp\/v2\/pages\/631","targetHints":{"allow":["GET"]}}],"collection":[{"href":"http:\/\/www.zaciszekrosno.pl\/index.php?rest_route=\/wp\/v2\/pages"}],"about":[{"href":"http:\/\/www.zaciszekrosno.pl\/index.php?rest_route=\/wp\/v2\/types\/page"}],"author":[{"embeddable":true,"href":"http:\/\/www.zaciszekrosno.pl\/index.php?rest_route=\/wp\/v2\/users\/1"}],"replies":[{"embeddable":true,"href":"http:\/\/www.zaciszekrosno.pl\/index.php?rest_route=%2Fwp%2Fv2%2Fcomments&post=631"}],"version-history":[{"count":10,"href":"http:\/\/www.zaciszekrosno.pl\/index.php?rest_route=\/wp\/v2\/pages\/631\/revisions"}],"predecessor-version":[{"id":2604,"href":"http:\/\/www.zaciszekrosno.pl\/index.php?rest_route=\/wp\/v2\/pages\/631\/revisions\/2604"}],"wp:attachment":[{"href":"http:\/\/www.zaciszekrosno.pl\/index.php?rest_route=%2Fwp%2Fv2%2Fmedia&parent=631"}],"curies":[{"name":"wp","href":"https:\/\/api.w.org\/{rel}","templated":true}]}}