{"id":634,"date":"2017-03-30T01:19:53","date_gmt":"2017-03-29T23:19:53","guid":{"rendered":"http:\/\/www.zaciszekrosno.pl\/?page_id=634"},"modified":"2022-08-29T00:57:06","modified_gmt":"2022-08-28T22:57:06","slug":"24-09-2016-nadzwyczajne","status":"publish","type":"page","link":"http:\/\/www.zaciszekrosno.pl\/?page_id=634","title":{"rendered":"24.09.2016 &#8211; IV Nadzwyczajne Walne Zebranie"},"content":{"rendered":"<p style=\"text-align: center;\"><span style=\"color: #000000;\"><strong>W dniu 24.09.2016 r. odby\u0142o si\u0119 IV Nadzwyczajne\u00a0 Walne Zebranie Stowarzyszenia Dzia\u0142kowc\u00f3w Ogrodu &#8222;Zacisze&#8221;<\/strong><\/span><\/p>\n<p style=\"text-align: center;\">Zebranie zwo\u0142ane przez Zarz\u0105d Stowarzyszenia Dzia\u0142kowc\u00f3w Ogrodu \u201eZacisze\u201d w Kro\u015bnie ul. Bia\u0142obrzeska 133 zwo\u0142ane na podstawie \u00a7 29 ust. 1 i 3 oraz \u00a7 27 Statutu Stowarzyszenia. Zebranie odby\u0142o si\u0119 na placu obok \u015bwietlicy ogrodowej w drugim terminie o godzinie 15,30 (\u00a7 30 ust. 3 Statutu Stowarzyszenia).<\/p>\n<p style=\"text-align: center;\"><em>Na dzie\u0144 Walnego Zebrania Stowarzyszenie liczy\u0142o 206 cz\u0142onk\u00f3w. W zebraniu uczestniczy\u0142o 54 cz\u0142onk\u00f3w co daje frekwencj\u0119 26,21%.<\/em><\/p>\n<p style=\"text-align: center;\"><strong>Wybrano Prezydium Nadzwyczajnego Walnego Zebrania <\/strong><\/p>\n<p style=\"text-align: center;\"><strong>Pani Ewa SANECKA\u00a0 &#8211; Przewodnicz\u0105ca Walnego Zebrania<\/strong><\/p>\n<p style=\"text-align: center;\"><strong>Pani Irena SKRZ\u0118TA &#8211; Sekretarz Zebrania<\/strong><\/p>\n<h4 style=\"text-align: center;\">Wybrano 1 komisj\u0119:<\/h4>\n<p style=\"text-align: center;\">Komisja Uchwa\u0142 i Wniosk\u00f3w &#8211; <strong>Pani Lidia TERLECKA i Pan Romuald ROMANKIEWICZ<\/strong><\/p>\n<p style=\"text-align: center;\">Prezes Zarz\u0105du Jerzy Pesz. Poinformowa\u0142 o dotychczas poczynionych dzia\u0142aniach maj\u0105cych prawid\u0142owe dostarczanie wody na teren ogrodu z posiadanych studni g\u0142\u0119binowych. Dotychczas wyczyszczono studnie w kt\u00f3rych wymieniono obie pompy na nowe. Studnie zosta\u0142y wyczyszczone i odmulone. W chwili obecnej sytuacja w zaopatrzeniu w wod\u0119 jest dobra ale nie mo\u017cna wykluczy\u0107 \u017ce w przysz\u0142o\u015bci problemy nie wyst\u0105pi\u0105. Ponadto dokonano wymiany tablicy steruj\u0105cej pompami na ca\u0142kowicie now\u0105 w pe\u0142ni automatyczn\u0105. Pompy funkcjonuj\u0105 prawid\u0142owo. Poczyniono starania poprzez rozmow\u0119 z Prezesem MPGK w Kro\u015bnie w sprawie budowy nitki wodoci\u0105gu od ul. Bia\u0142obrzeskiej a dok\u0142adnie od wjazdu na wysypisko \u015bmieci do terenu ogrodu. MPGK by\u0142oby w stanie doprowadzi\u0107 wodoci\u0105g pod warunkiem wykonanie nowej sieci wodoci\u0105gowej na terenie ogrodu. Ten wodoci\u0105g dzia\u0142kowcy musieliby wykona\u0107 ze \u015brodk\u00f3w w\u0142asnych.<\/p>\n<p style=\"text-align: center;\">Prezes Zarz\u0105du Jerzy Pesz przedstawi\u0142 kosztorys wst\u0119pny budowy wodoci\u0105gu<strong><em> \u00a0<\/em><\/strong>uwzgl\u0119dniaj\u0105cy koszt materia\u0142\u00f3w oraz robocizny. Koszty robocizny mo\u017cna by zmniejszy\u0107 pod warunkiem wykonania cz\u0119\u015bci prac przez dzia\u0142kowc\u00f3w np. zasypanie ruroci\u0105gu. Drug\u0105 spraw\u0105 jest ilo\u015b\u0107 rur potrzebnych do wykonania instalacji tj. prawie 2500 m. \u0141\u0105czny kosztorys wykonania wodoci\u0105gu opiewa na kwot\u0119 132.813 z\u0142otych. Jest to kosztorys po cenach optymalnych. Koszt materia\u0142\u00f3w to 70.673 z\u0142ote natomiast robocizna to 62.140 z\u0142otych. Po podzieleniu na jedn\u0105 dzia\u0142k\u0119 koszt wyni\u00f3s\u0142by oko\u0142o 600 z\u0142otych od jednej dzia\u0142ki. Problem wyst\u0119puje jednak gdy cz\u0119\u015b\u0107 dzia\u0142kowc\u00f3w nie przyst\u0105pi\u0142oby do budowy i nie partycypowa\u0142o w kosztach budowy. W przypadku zgody tylko 100 dzia\u0142kowc\u00f3w koszty od dzia\u0142ki by si\u0119 podwoi\u0142y. Stwierdzi\u0142 \u017ce problem jest trudny do rozwi\u0105zania. Osobnym problemem jest zgoda dzia\u0142ek od ul. Bia\u0142obrzeskiej do ogrodzenia ogrodu przez kt\u00f3re mia\u0142by przebiega\u0107 wodoci\u0105g. Tutaj problemem by\u0142oby uzyskanie zg\u00f3d od w\u0142a\u015bcicieli tych dzia\u0142ek rolnych.<\/p>\n<p style=\"text-align: center;\"><strong>Podczas zebrania podj\u0119to 1 Uchwa\u0142\u0119.<\/strong> Uchwa\u0142y wesz\u0142a w \u017cycie z dniem uchwalenia tj. 24 wrze\u015bnia 2016 r.<\/p>\n<p style=\"text-align: center;\"><a href=\"http:\/\/www.zaciszekrosno.pl\/wp-content\/uploads\/2022\/08\/UCHWALA-WZ-2016.pdf\"><strong>PODJ\u0118TO NASTEPUJ\u0104C\u0104 UCHWA\u0141\u0118<\/strong><\/a><\/p>\n<p>&nbsp;<\/p>\n","protected":false},"excerpt":{"rendered":"<p>W dniu 24.09.2016 r. odby\u0142o si\u0119 IV Nadzwyczajne\u00a0 Walne Zebranie Stowarzyszenia Dzia\u0142kowc\u00f3w Ogrodu &#8222;Zacisze&#8221; Zebranie zwo\u0142ane przez Zarz\u0105d Stowarzyszenia Dzia\u0142kowc\u00f3w Ogrodu \u201eZacisze\u201d w Kro\u015bnie ul. Bia\u0142obrzeska 133 zwo\u0142ane na podstawie \u00a7 29 ust. 1 i 3 oraz \u00a7 27 Statutu Stowarzyszenia. Zebranie odby\u0142o si\u0119 na placu obok \u015bwietlicy ogrodowej w drugim terminie o godzinie 15,30 &hellip; <a href=\"http:\/\/www.zaciszekrosno.pl\/?page_id=634\" class=\"more-link\">Czytaj dalej <span class=\"screen-reader-text\">24.09.2016 &#8211; IV Nadzwyczajne Walne Zebranie<\/span> <span class=\"meta-nav\">&rarr;<\/span><\/a><\/p>\n","protected":false},"author":1,"featured_media":0,"parent":0,"menu_order":0,"comment_status":"closed","ping_status":"closed","template":"","meta":{"footnotes":""},"class_list":["post-634","page","type-page","status-publish","hentry"],"_links":{"self":[{"href":"http:\/\/www.zaciszekrosno.pl\/index.php?rest_route=\/wp\/v2\/pages\/634","targetHints":{"allow":["GET"]}}],"collection":[{"href":"http:\/\/www.zaciszekrosno.pl\/index.php?rest_route=\/wp\/v2\/pages"}],"about":[{"href":"http:\/\/www.zaciszekrosno.pl\/index.php?rest_route=\/wp\/v2\/types\/page"}],"author":[{"embeddable":true,"href":"http:\/\/www.zaciszekrosno.pl\/index.php?rest_route=\/wp\/v2\/users\/1"}],"replies":[{"embeddable":true,"href":"http:\/\/www.zaciszekrosno.pl\/index.php?rest_route=%2Fwp%2Fv2%2Fcomments&post=634"}],"version-history":[{"count":7,"href":"http:\/\/www.zaciszekrosno.pl\/index.php?rest_route=\/wp\/v2\/pages\/634\/revisions"}],"predecessor-version":[{"id":2576,"href":"http:\/\/www.zaciszekrosno.pl\/index.php?rest_route=\/wp\/v2\/pages\/634\/revisions\/2576"}],"wp:attachment":[{"href":"http:\/\/www.zaciszekrosno.pl\/index.php?rest_route=%2Fwp%2Fv2%2Fmedia&parent=634"}],"curies":[{"name":"wp","href":"https:\/\/api.w.org\/{rel}","templated":true}]}}