{"id":911,"date":"2017-04-18T20:54:42","date_gmt":"2017-04-18T18:54:42","guid":{"rendered":"http:\/\/www.zaciszekrosno.pl\/?page_id=911"},"modified":"2017-04-18T20:55:14","modified_gmt":"2017-04-18T18:55:14","slug":"co-sadzimy-obok-siebie","status":"publish","type":"page","link":"http:\/\/www.zaciszekrosno.pl\/?page_id=911","title":{"rendered":"Co sadzimy obok siebie"},"content":{"rendered":"<p style=\"text-align: center;\">O tym jakie warzywa mo\u017cna sadzi\u0107 obok siebie na dzia\u0142ce s\u0105 r\u00f3\u017cne pogl\u0105dy i do\u015bwiadczenia. W poradniku ogrodniczym mo\u017cna znale\u017a\u0107 tabelk\u0119 jakie warzywa nawzajem si\u0119 toleruj\u0105 a jaki nie lubi\u0105 swojego s\u0105siedztwa. Korzystaj\u0105c z okazji postanowi\u0142em przekaza\u0107 Pa\u0144stwu do wiadomo\u015bci a jak ma si\u0119 to do rzeczywisto\u015bci pozostawiam Pa\u0144stwu do oceny.<\/p>\n<p><a href=\"http:\/\/www.zaciszekrosno.pl\/?attachment_id=910\" rel=\"attachment wp-att-910\"><img loading=\"lazy\" decoding=\"async\" class=\"alignnone size-full wp-image-910\" src=\"http:\/\/www.zaciszekrosno.pl\/wp-content\/uploads\/2017\/04\/jakie-warzywa-sadzic-obok-siebie-tabela.jpg\" alt=\"\" width=\"902\" height=\"681\" srcset=\"http:\/\/www.zaciszekrosno.pl\/wp-content\/uploads\/2017\/04\/jakie-warzywa-sadzic-obok-siebie-tabela.jpg 902w, http:\/\/www.zaciszekrosno.pl\/wp-content\/uploads\/2017\/04\/jakie-warzywa-sadzic-obok-siebie-tabela-150x113.jpg 150w, http:\/\/www.zaciszekrosno.pl\/wp-content\/uploads\/2017\/04\/jakie-warzywa-sadzic-obok-siebie-tabela-300x226.jpg 300w\" sizes=\"auto, (max-width: 902px) 100vw, 902px\" \/><\/a><\/p>\n","protected":false},"excerpt":{"rendered":"<p>O tym jakie warzywa mo\u017cna sadzi\u0107 obok siebie na dzia\u0142ce s\u0105 r\u00f3\u017cne pogl\u0105dy i do\u015bwiadczenia. W poradniku ogrodniczym mo\u017cna znale\u017a\u0107 tabelk\u0119 jakie warzywa nawzajem si\u0119 toleruj\u0105 a jaki nie lubi\u0105 swojego s\u0105siedztwa. Korzystaj\u0105c z okazji postanowi\u0142em przekaza\u0107 Pa\u0144stwu do wiadomo\u015bci a jak ma si\u0119 to do rzeczywisto\u015bci pozostawiam Pa\u0144stwu do oceny.<\/p>\n","protected":false},"author":1,"featured_media":0,"parent":0,"menu_order":0,"comment_status":"closed","ping_status":"closed","template":"","meta":{"footnotes":""},"class_list":["post-911","page","type-page","status-publish","hentry"],"_links":{"self":[{"href":"http:\/\/www.zaciszekrosno.pl\/index.php?rest_route=\/wp\/v2\/pages\/911","targetHints":{"allow":["GET"]}}],"collection":[{"href":"http:\/\/www.zaciszekrosno.pl\/index.php?rest_route=\/wp\/v2\/pages"}],"about":[{"href":"http:\/\/www.zaciszekrosno.pl\/index.php?rest_route=\/wp\/v2\/types\/page"}],"author":[{"embeddable":true,"href":"http:\/\/www.zaciszekrosno.pl\/index.php?rest_route=\/wp\/v2\/users\/1"}],"replies":[{"embeddable":true,"href":"http:\/\/www.zaciszekrosno.pl\/index.php?rest_route=%2Fwp%2Fv2%2Fcomments&post=911"}],"version-history":[{"count":1,"href":"http:\/\/www.zaciszekrosno.pl\/index.php?rest_route=\/wp\/v2\/pages\/911\/revisions"}],"predecessor-version":[{"id":912,"href":"http:\/\/www.zaciszekrosno.pl\/index.php?rest_route=\/wp\/v2\/pages\/911\/revisions\/912"}],"wp:attachment":[{"href":"http:\/\/www.zaciszekrosno.pl\/index.php?rest_route=%2Fwp%2Fv2%2Fmedia&parent=911"}],"curies":[{"name":"wp","href":"https:\/\/api.w.org\/{rel}","templated":true}]}}